{"id":35685,"date":"2019-09-01T00:00:01","date_gmt":"2019-09-01T00:00:01","guid":{"rendered":"https:\/\/rentauto.pt\/en\/?page_id=35685"},"modified":"2020-03-13T09:57:16","modified_gmt":"2020-03-13T09:57:16","slug":"protecao-de-dados","status":"publish","type":"page","link":"https:\/\/rentauto.pt\/en\/protecao-de-dados\/","title":{"rendered":"Prote\u00e7\u00e3o de Dados"},"content":{"rendered":"<p>[et_pb_section fb_built=&#8221;1&#8243; module_id=&#8221;PP&#8221; _builder_version=&#8221;3.22&#8243; custom_margin=&#8221;0px||0px|&#8221; custom_padding=&#8221;0px|0px|0px|0px&#8221;][et_pb_row custom_padding_last_edited=&#8221;on|desktop&#8221; _builder_version=&#8221;3.25&#8243; background_size=&#8221;initial&#8221; background_position=&#8221;top_left&#8221; background_repeat=&#8221;repeat&#8221; custom_margin=&#8221;0px||0px||true&#8221; custom_padding=&#8221;100px||100px||true&#8221; custom_padding_tablet=&#8221;80px||80px|&#8221; custom_padding_phone=&#8221;60px||60px|&#8221;][et_pb_column type=&#8221;4_4&#8243; _builder_version=&#8221;3.25&#8243; custom_padding=&#8221;|||&#8221; custom_padding__hover=&#8221;|||&#8221;][et_pb_text _builder_version=&#8221;4.3.1&#8243; text_font=&#8221;||||||||&#8221; text_line_height=&#8221;1.3em&#8221; header_font=&#8221;||||||||&#8221; text_orientation=&#8221;justified&#8221; custom_margin=&#8221;0px||0px|&#8221; custom_padding=&#8221;0px||0px|&#8221; hover_enabled=&#8221;0&#8243;]<\/p>\n<h1>Privacy Policy<\/h1>\n<p><strong><br \/>1. Purpose:<\/strong><br \/> This Privacy Policy applies exclusively to this website and aims to make known to its visitor and user who owns personal data (identified or identifiable natural person) the data treatments that are carried out and the principles and duties that we observe regarding the protection of personal data. We aim to guarantee the quality, integrity, confidentiality and privacy of the information provided by our visitors and customers.<\/p>\n<p><strong>2. Privacy and Security:<\/strong><br \/> MACHADO &amp; MONTEIRO, LDA., Is responsible for this website.<br \/> MACHADO &amp; MONTEIRO, LDA., Undertakes to guarantee the privacy and confidentiality of the personal data collected (any information relating to an identified or identifiable natural person), in accordance with the General Data Protection Regulation, with security systems in place and organizational measures aimed at preventing the consultation, modification, destruction or addition of data by persons who are not authorized to do so and which allow detecting any misappropriation of information.<\/p>\n<p><strong>3. Collection of Personal Data:<\/strong><br \/> MACHADO &amp; MONTEIRO, LDA. Respects your right to privacy, so this website can be visited without having to reveal any personal information due to not making an automated collection of personal data.<br \/> In general, this website can be visited without revealing any personal information. The only occasion to collect personal data is done exclusively through the contact \/ information request form.<br \/> MACHADO &amp; MONTEIRO, LDA., Is solely responsible for the collection and processing of personal data carried out through the contact \/ information form, with personal data collected this way being essential to ensure the identity of the person to be contacted by MACHADO &amp; MONTEIRO, LDA., and restricted to the strictly necessary for the described purpose.<br \/> The data provided will be treated with the security and confidentiality guarantees required by the General Data Protection Regulation and other applicable legislation.<br \/> If MACHADO &amp; MONTEIRO, LDA., Intends to use the data provided for a purpose other than that for which it received authorization, it will request a new authorization for that specific use.<\/p>\n<p><strong>4. Rights of the Data Owner:<\/strong><br \/> The Data Owner is guaranteed the exercise of the following rights:<br \/> Right of access: the right to obtain confirmation that the personal data concerning you are (or are not) subject to treatment and, if so, the right to access your personal data and information such as (i) purposes of data processing; (ii) the categories of personal data in question; (iii) the recipients or categories of recipients to whom the personal data have been or will be disclosed, and whether those recipients are established in third countries or belong to international organizations; (iv) the expected period of retention of personal data, or, if not possible, the criteria used to set that period;<\/p>\n<p><strong>a) Right of rectification:<\/strong> right to obtain rectification of inaccurate personal data concerning you. If the data is incomplete, the data owner is entitled to have his personal data completed, by means of an additional declaration;<\/p>\n<p><strong>b) Right to data portability:<\/strong> right to receive the personal data that concerns you and that you have provided to the data steward, in a structured format, in common use and automatic reading, and the right to transmit that data to another data steward without the data steward being able to prevent it, provided that: (i) the processing is based on consent or a contract and if the processing is carried out by automated means;<\/p>\n<p><strong>c) Right of opposition:<\/strong> right to object at any time, for any reasons related to your particular situation, to the processing of personal data concerning you, if processing is necessary for the purposes of the legitimate interests pursued by MACHADO &amp; MONTEIRO, LDA ., or by third parties, unless the latter presents compelling and legitimate reasons for such treatment that prevail over the data owner\u2019s interests, rights and freedoms, or for the purposes of declaring, exercising or defending a right in a judicial suit. If and when personal data are processed for the purposes of direct marketing, the data subject has the right to object at any time to the processing of personal data concerning him for the purposes of said purpose;<\/p>\n<p><strong>d) Right to erase data:<\/strong> the right to obtain the erasure of your personal data, if (i) personal data is no longer necessary for the purpose that motivated its collection or treatment; or if (ii) consent is withdrawn, if this is the sole basis for processing the data; or if (iii) there is no other legal basis for said treatment; or if (iv) exercising the right to object to treatment, there are no legitimate interests that prevail and justify the treatment; or if (v) the personal data has been processed unlawfully; or if (vi) personal data has to be erased in order to comply with a legal obligation under Union law or a Member State to which the controller is subject;<\/p>\n<p><strong>e) Right to treatment limitation:<\/strong> right to obtain treatment limitation, if (i) you contest the accuracy of personal data, during a period that allows the data steward to verify its accuracy; or if (ii) the processing is illegal and the data owner opposes to the deletion of personal data and requests, in return, to limit its use; or if (iii) the data steward no longer needs personal data for processing purposes, but that data is required by the data owner for the purposes of declaring, exercising or defending a right in a judicial proceeding; or if (iv) having exercised the right to object, until it is settled that the legitimate motives of the data steward override those of the data owner.<\/p>\n<p><strong>1. Form of exercising the Data Owner&#8217;s rights:<\/strong><br \/> The Data Owner can exercise any of his rights, identified above, by contacting MACHADO &amp; MONTEIRO, LDA., Preferably, by e-mail headoffice@rentauto.pt, identifying in the subject the right he intends to exercise. You can also do so through a letter addressed to MACHADO &amp; MONTEIRO, LDA., To Avenida Dr. Francisco S\u00e1 Carneiro, Alcaria Rei Cavacos Building, Loja A-B, 8125-124 Quarteira.<br \/> The Data Owner also has the right to complain to the Control Authority (National Data Protection Commission &#8211; www.cnpd.pt).<\/p>\n<p><strong>2. Period of retention of collected data:<\/strong><br \/> The personal data collected on this website will be kept for the amount of time strictly necessary for the purpose that determines its use, up to a limit of 3 years, and MACHADO &amp; MONTEIRO, LDA. may keep them for different determined periods if such other periods are established in new interactions that result in the conclusion of a contract between the data owner and MACHADO &amp; MONTEIRO, LDA., or the need for data processing arises from other legal purposes.<\/p>\n<p><strong>3. Sharing information with third parties:<\/strong><br \/> This website, by default, does not share visitors&#8217; personal data with third parties.<br \/> However, if the visitor carries out any operation that involves sharing his data with third parties, he will be duly informed of this, being also informed of the identity of the third party receiving the data and the reason for processing the shared data.<br \/> In case of sharing personal data in the terms described, the data will only be communicated if the visitor has given his consent, namely by confirming access to a certain operation that involves sharing data, after having been informed of it.<\/p>\n<p><strong>4. Changes to the Privacy Policy:<\/strong><br \/> MACHADO &amp; MONTEIRO, LDA. reserves the right to change its privacy policy in order to adapt it to legislative or jurisprudential changes, so it is advisable to read this document carefully. Any change to the Privacy Policy will always be available on this website and is valid from its publication on this website.<br \/> If you have any questions about our Privacy Policy, contact us via email headoffice@rentauto.pt.<\/p>\n<p><strong>5. Minority:<\/strong><br \/> No information can be submitted through this website by minors. In the case of being a minor, the consent of the parents or legal representatives is required.<\/p>\n<p>[\/et_pb_text][\/et_pb_column][\/et_pb_row][\/et_pb_section][et_pb_section fb_built=&#8221;1&#8243; module_id=&#8221;RLO&#8221; _builder_version=&#8221;3.22&#8243; background_color=&#8221;#eeeeee&#8221; custom_margin=&#8221;0px||0px|&#8221; custom_padding=&#8221;0px|0px|0px|0px&#8221;][et_pb_row custom_padding_last_edited=&#8221;on|desktop&#8221; _builder_version=&#8221;3.25&#8243; background_size=&#8221;initial&#8221; background_position=&#8221;top_left&#8221; background_repeat=&#8221;repeat&#8221; custom_margin=&#8221;0px||0px||true&#8221; custom_padding=&#8221;100px||100px||true&#8221; custom_padding_tablet=&#8221;80px||80px|&#8221; custom_padding_phone=&#8221;60px||60px|&#8221;][et_pb_column type=&#8221;4_4&#8243; _builder_version=&#8221;3.25&#8243; custom_padding=&#8221;|||&#8221; custom_padding__hover=&#8221;|||&#8221;][et_pb_text _builder_version=&#8221;4.3.1&#8243; text_font=&#8221;||||||||&#8221; text_line_height=&#8221;1.3em&#8221; header_font=&#8221;||||||||&#8221; text_orientation=&#8221;justified&#8221; custom_margin=&#8221;0px||0px|&#8221; custom_padding=&#8221;0px||0px|&#8221;]<\/p>\n<h1>Online Dispute Resolution<\/h1>\n<p><\/p>\n<p>In the event of a legal dispute, the consumer may use an Alternative Dispute Resolution Entity.<\/p>\n<p>Alternative Dispute Resolution Entities, in accordance with law no. 144\/2015, from September 8th:<\/p>\n<p><b>ARBITRATION CENTERS OF GENERIC COMPETENCE<\/b><\/p>\n<p><b>Centro Nacional de Informa\u00e7\u00e3o e Arbitragem de Conflitos de Consumo<\/b><br \/>Atua\u00e7\u00e3o em todo o territ\u00f3rio nacional, nas zonas n\u00e3o abrangidas por outro centro de arbitragem de compet\u00eancia regional<br \/>Contactos CNIACC \u2013 Centro Nacional de Informa\u00e7\u00e3o e Arbitragem de Conflitos de Consumo<br \/>Faculdade de Direito da Universidade Nova de Lisboa<br \/>Campus de Campolide<br \/>1099-032 Lisboa<br \/>Tel.: 213 847 484<br \/>E-mail: cniacc@fd.unl.pt<br \/>Web: www.arbitragemdeconsumo.org<\/p>\n<p><b>Centro de Informa\u00e7\u00e3o, Medi\u00e7\u00e3o e arbitragem de Conflitos de Consumo do Algarve<\/b><br \/>\u00c1rea geogr\u00e1fica abrangida: Contratos celebrados no Distrito de Faro.<br \/>Contactos CIMAAL \u2013 Centro de Informa\u00e7\u00e3o, Media\u00e7\u00e3o e Arbitragem de Conflitos de Consumo do Algarve<br \/>Edif\u00edcio Ninho de Empresas, Estrada da Penha, 8005-131 Faro<br \/>Tel.: 289 823 135<br \/>E-mail: apoio@consumidoronline.pt; cimaal@mail.telepac.pt<br \/>Web: www.consumidoronline.pt<\/p>\n<p><b>Centro de Arbitragem de Conflitos de Consumo do Distrito de Coimbra<\/b><br \/>\u00c1rea geogr\u00e1fica abrangida: Contratos celebrados nos munic\u00edpios de Arganil, Cantanhede, Coimbra, Condeixa-a-Nova, Figueira da Foz, G\u00f3is, Lous\u00e3, Mira, Miranda do Corvo, Montemor-o-Velho, Oliveira do Hospital, Penacova, Penela, Soure, T\u00e1bua, Vila Nova de Poiares.<br \/>Contactos Endere\u00e7o postal:<br \/>Av. Fern\u00e3o Magalh\u00e3es, n.\u00ba 240, 1\u00ba \u2013 3000-172 COIMBRA<br \/>Tel.: 239 821 690<br \/>E-mail: geral@centrodearbitragemdecoimbra.com<br \/>Web: www.centrodearbitragemdecoimbra.com<\/p>\n<p><b>Centro de Arbitragem de Conflitos de Consumo de Lisboa<\/b><br \/>\u00c1rea geogr\u00e1fica de abrang\u00eancia: Contratos celebrados na \u00c1rea Metropolitana de Lisboa, Alcochete, Almada, Amadora, Azambuja, Barreiro, Cascais, Lisboa, Loures, Mafra, Moita, Montijo, Odivelas, Oeiras, Palmela, Seixal, Sesimbra, Set\u00fabal, Sintra e Vila Franca de Xira.<br \/>Contactos Endere\u00e7o postal: Rua dos Douradores, 116, 2\u00ba \u2013 1100-207 LISBOA<br \/>Tel: 218 807 030<br \/>E-mail: juridico@centroarbitragemlisboa.pt \/ director@centroarbitragemlisboa.pt<br \/>Web: www.centroarbitragemlisboa.pt<\/p>\n<p><b>Centro de Informa\u00e7\u00e3o de Consumo e Arbitragem do Porto<\/b><br \/>\u00c1rea geogr\u00e1fica de abrang\u00eancia: Contratos celebrados na \u00c1rea Metropolitana do Porto, Arouca, Espinho, Gondomar, Maia, Matosinhos, Oliveira de Azem\u00e9is, Porto, P\u00f3voa de Varzim, Santa Maria da Feira, Santo Tirso, S\u00e3o Jo\u00e3o da Madeira, Trofa, Vale de Cambra, Valongo, Vila do Conde e Vila Nova de Gaia.<br \/>Contactos Endere\u00e7o postal: Rua Dami\u00e3o de G\u00f3is, 31 \u2013 Loja 6 \u2013 4050-225 Porto<br \/>Tel.: 225 508 349<br \/>E-mail: cicap@mail.telepac.pt<br \/>web: www.cicap.pt<\/p>\n<p><b>Centro de Informa\u00e7\u00e3o, Media\u00e7\u00e3o e Arbitragem de Consumo (Tribunal Arbitral de consumo)<\/b><br \/>\u00c1rea geogr\u00e1fica de abrang\u00eancia: Contratos celebrados nos munic\u00edpios de Amares, Arcos de Valdevez, Barcelos, Braga, Caminha, Esposende, Melga\u00e7o, Mon\u00e7\u00e3o, Montalegre, Paredes de Coura, Ponte da Barca, P\u00f3voa do Lanhoso, Terras do Bouro, Valen\u00e7a, Viana do Castelo, Vila Nova de Cerveira, Vieira do Minho, Vila Verde.<br \/>Contactos BRAGA:<br \/>Rua D Afonso Henriques, n\u00ba 1 (Ed Junta de Freguesia da S\u00e9) 4700 \u2013 030 BRAGA<br \/>Tel: 253 617 604<br \/>E-mail: geral@ciab.pt<br \/>VIANA DO CASTELO<br \/>Av Rocha Paris, n\u00ba 103 (Edif\u00edcio Vila Rosa) 4900 \u2013 394 VIANA DO CASTELO<br \/>Tel: 258 809 335<br \/>E-mail: ciab.viana@cm-viana-castelo.pt<br \/>Web: www.ciab.pt<\/p>\n<p><b>Centro de Arbitragem de Conflitos de Consumo da Madeira<\/b><br \/>\u00c1rea geogr\u00e1fica de abrang\u00eancia Contratos celebrados na Regi\u00e3o Aut\u00f3noma da Madeira.<br \/>Contactos Endere\u00e7o postal: Rua Direita n\u00ba. 27 \u2013 1\u00ba andar \u2013 9050-405 Funchal<br \/>Tel.: 291 215 070<br \/>E-mail: centroarbitragem.srias@madeira.gov.pt<br \/>Web: www.srrh.gov-madeira.pt\/In%C3%ADcio\/tabid\/292\/Default.aspx<\/p>\n<p><b>Centro de Arbitragem de Conflitos de Consumo do Vale do Ave \/ Tribunal Arbitral<\/b><br \/>\u00c1rea geogr\u00e1fica de abrang\u00eancia: Contratos celebrados nos munic\u00edpios de Cabeceiras de Basto, Fafe, Felgueiras, Guimar\u00e3es, P\u00f3voa de Lanhoso, P\u00f3voa de Varzim, Santo Tirso, Trofa, Vila do Conde, Vila Nova de Famalic\u00e3o, Vizela e Vieira do Minho.<br \/>Contactos Endere\u00e7o postal: Rua Capit\u00e3o Alfredo Guimar\u00e3es, n.\u00ba 1, 4800-019, Guimar\u00e3es<br \/>Tel.: 253 422 410<br \/>E-mail: triave@gmail.com<br \/>Web: www.triave.pt<\/p>\n<p>More information on Consumer Portal <a target=\"_blank\" href=\"http:\/\/www.consumidor.gov.pt\/\" rel=\"noopener noreferrer\">www.consumidor.pt<\/a><\/p>\n<p>[\/et_pb_text][\/et_pb_column][\/et_pb_row][\/et_pb_section][et_pb_section fb_built=&#8221;1&#8243; module_id=&#8221;PC&#8221; _builder_version=&#8221;3.22&#8243; custom_margin=&#8221;0px||0px|&#8221; custom_padding=&#8221;0px|0px|0px|0px&#8221; border_width_bottom=&#8221;1px&#8221; border_color_bottom=&#8221;rgba(0,0,0,0.2)&#8221;][et_pb_row custom_padding_last_edited=&#8221;on|desktop&#8221; _builder_version=&#8221;3.25&#8243; background_size=&#8221;initial&#8221; background_position=&#8221;top_left&#8221; background_repeat=&#8221;repeat&#8221; custom_margin=&#8221;0px||0px|&#8221; custom_padding=&#8221;100px||100px|&#8221; custom_padding_tablet=&#8221;80px||80px|&#8221; custom_padding_phone=&#8221;60px||60px|&#8221;][et_pb_column type=&#8221;4_4&#8243; _builder_version=&#8221;3.25&#8243; custom_padding=&#8221;|||&#8221; custom_padding__hover=&#8221;|||&#8221;][et_pb_text _builder_version=&#8221;4.3.1&#8243; text_font=&#8221;||||||||&#8221; text_line_height=&#8221;1.3em&#8221; header_font=&#8221;||||||||&#8221; text_orientation=&#8221;justified&#8221; custom_margin=&#8221;0px||0px|&#8221; custom_padding=&#8221;0px||0px|&#8221; hover_enabled=&#8221;0&#8243;]<\/p>\n<h1>Cookie Policy<\/h1>\n<p>&nbsp;<\/p>\n<p><strong>What are they and what cookies do we use?<\/strong><br \/> Cookies are files stored in one\u2019s terminal equipment via the browser (browser) when visiting a website, with the purpose of retaining information related to their preferences.<\/p>\n<p>Each time the user visits that website, the page is notified of the user&#8217;s previous activities. They are designed as reliable mechanisms for websites to remember information about visitor activity. Cookies aim to improve the user&#8217;s browsing experience, increasing the speed and efficiency of response.<\/p>\n<p>If you wish, you can control and \/ or delete cookies. You can delete all cookies installed in your terminal equipment or activate the option that prevents their installation, if your browser allows it, but by disabling them you may experience problems with functioning and navigation on the website.<\/p>\n<p>The present website can access the information stored on the visitor&#8217;s terminal equipment, as long as the visitor has previously expressly and freely given his consent before the installation of cookies. Only MACHADO &amp; MONTEIRO, LDA., has access to the information collected through cookies, in order to optimize their services and those of this website for their users&#8217; needs and preferences.<\/p>\n<p>MACHADO &amp; MONTEIRO, LDA., may use the following types of cookies:<\/p>\n<p>pode utilizar os seguintes tipos de cookies:<\/p>\n<p><strong>Analytics Cookies<\/strong> &#8211; used anonymously for statistical analysis;<\/p>\n<p><strong>Strictly necessary cookies<\/strong> &#8211; allow access to the website. Without these cookies, services cannot be provided;<\/p>\n<p><strong>Functionality Cookies<\/strong> &#8211; stores visitor preferences regarding the use of the website, so that it is not necessary to enter certain information each time you visit.<\/p>\n<p>[\/et_pb_text][et_pb_button button_url=&#8221;https:\/\/rentauto.pt\/en\/&#8221; button_text=&#8221;Homepage&#8221; _builder_version=&#8221;3.19.12&#8243; custom_margin=&#8221;30px||0px||false&#8221;][\/et_pb_button][\/et_pb_column][\/et_pb_row][\/et_pb_section][et_pb_section fb_built=&#8221;1&#8243; disabled_on=&#8221;off|off|off&#8221; _builder_version=&#8221;3.27.3&#8243; background_color=&#8221;#ffffff&#8221; custom_margin=&#8221;0px|0px|0px|0px|true|true&#8221; custom_padding=&#8221;0px|0px|0px|0px|true|true&#8221; custom_padding_tablet=&#8221;0px||0px|&#8221; global_module=&#8221;41197&#8243; saved_tabs=&#8221;all&#8221;][et_pb_row column_structure=&#8221;3_5,2_5&#8243; column_padding_mobile=&#8221;on&#8221; custom_padding_last_edited=&#8221;on|desktop&#8221; module_class=&#8221; et_pb_row_fullwidth&#8221; _builder_version=&#8221;3.27.3&#8243; background_size=&#8221;initial&#8221; background_position=&#8221;top_left&#8221; background_repeat=&#8221;repeat&#8221; width=&#8221;95%&#8221; max_width=&#8221;95%&#8221; module_alignment=&#8221;center&#8221; custom_margin=&#8221;0px|0px|0px|0px|true|true&#8221; custom_padding=&#8221;40px|0px|40px|0px|true|true&#8221; custom_padding_tablet=&#8221;|25px||25px|true|true&#8221; custom_padding_phone=&#8221;||||true|true&#8221; make_fullwidth=&#8221;on&#8221;][et_pb_column type=&#8221;3_5&#8243; _builder_version=&#8221;3.25&#8243; custom_padding=&#8221;|||&#8221; custom_padding__hover=&#8221;|||&#8221;][et_pb_text admin_label=&#8221;Rodape nome do site&#8221; module_class=&#8221;LinkFooterBranco&#8221; _builder_version=&#8221;4.3.1&#8243; text_font=&#8221;||||||||&#8221; text_font_size=&#8221;12px&#8221; text_line_height=&#8221;1.4em&#8221; background_size=&#8221;initial&#8221; background_position=&#8221;top_left&#8221; background_repeat=&#8221;repeat&#8221; custom_margin=&#8221;0px||0px||true&#8221; custom_padding=&#8221;0px||0px||true&#8221; text_text_align=&#8221;left&#8221; text_text_align_tablet=&#8221;center&#8221; text_text_align_last_edited=&#8221;on|desktop&#8221;]<\/p>\n<p style=\"padding-bottom: 8px; font-size: 14px;\">\u00a9 RENTAUTO &#8211; Rental Cars<\/p>\n<p style=\"padding-bottom: 2px;\"><a target=\"_blank\" href=\"https:\/\/www.livroreclamacoes.pt\/inicio\" rel=\"noopener noreferrer\">Complaint book<\/a> \u00a0\u00a0 <a href=\"https:\/\/rentauto.pt\/en\/protecao-de-dados\/#RLO\">Online Dispute Resolution<\/a> \u00a0\u00a0 <a href=\"https:\/\/rentauto.pt\/en\/protecao-de-dados\/#PP\"> Privacy Policy<\/a> \u00a0\u00a0 <a href=\"https:\/\/rentauto.pt\/en\/protecao-de-dados\/#PC\">Cookies<\/a><\/p>\n<p style=\"padding-bottom: 0px;\">webdesign by: <a href=\"https:\/\/criativo.net\/\" target=\"_blank\" rel=\"noopener noreferrer\">criativo.net<\/a><\/p>\n<p>[\/et_pb_text][\/et_pb_column][et_pb_column type=&#8221;2_5&#8243; _builder_version=&#8221;3.25&#8243; custom_padding=&#8221;|||&#8221; custom_padding__hover=&#8221;|||&#8221;][et_pb_social_media_follow use_icon_font_size=&#8221;on&#8221; icon_font_size=&#8221;15px&#8221; _builder_version=&#8221;4.3.1&#8243; text_orientation=&#8221;right&#8221; custom_margin=&#8221;0px||0px||true|false&#8221; custom_padding=&#8221;0px||0px||true|false&#8221; text_orientation_tablet=&#8221;center&#8221; text_orientation_phone=&#8221;&#8221; text_orientation_last_edited=&#8221;on|desktop&#8221; border_radii=&#8221;on|50px|50px|50px|50px&#8221;][et_pb_social_media_follow_network social_network=&#8221;facebook&#8221; url=&#8221;https:\/\/www.facebook.com\/rentautorentacar&#8221; _builder_version=&#8221;4.3.1&#8243; background_color=&#8221;#3b5998&#8243; custom_margin=&#8221;0px|0px|0px|0px|true|true&#8221; custom_padding=&#8221;0px|0px|0px|0px|true|true&#8221; follow_button=&#8221;off&#8221; url_new_window=&#8221;on&#8221;]facebook[\/et_pb_social_media_follow_network][\/et_pb_social_media_follow][et_pb_image src=&#8221;https:\/\/rentauto.pt\/en\/wp-content\/uploads\/2019\/01\/certificado-ssl-en.png&#8221; align=&#8221;right&#8221; align_tablet=&#8221;center&#8221; align_phone=&#8221;&#8221; align_last_edited=&#8221;on|desktop&#8221; disabled_on=&#8221;on|on|off&#8221; _builder_version=&#8221;4.3.1&#8243; custom_margin=&#8221;-33px|60px|0px|0px|false|false&#8221; custom_margin_tablet=&#8221;20px|0px||0px|false|true&#8221; custom_margin_phone=&#8221;&#8221; custom_margin_last_edited=&#8221;on|tablet&#8221; custom_padding=&#8221;0px|0px|0px|0px|true|true&#8221;][\/et_pb_image][\/et_pb_column][\/et_pb_row][\/et_pb_section]<\/p>\n","protected":false},"excerpt":{"rendered":"<p>Privacy Policy 1. Purpose: This Privacy Policy applies exclusively to this website and aims to make known to its visitor and user who owns personal data (identified or identifiable natural person) the data treatments that are carried out and the principles and duties that we observe regarding the protection of personal data. We aim to [&hellip;]<\/p>\n","protected":false},"author":3,"featured_media":0,"parent":0,"menu_order":0,"comment_status":"closed","ping_status":"closed","template":"","meta":{"_et_pb_use_builder":"on","_et_pb_old_content":"","_et_gb_content_width":"","footnotes":""},"class_list":["post-35685","page","type-page","status-publish","hentry"],"_links":{"self":[{"href":"https:\/\/rentauto.pt\/en\/wp-json\/wp\/v2\/pages\/35685","targetHints":{"allow":["GET"]}}],"collection":[{"href":"https:\/\/rentauto.pt\/en\/wp-json\/wp\/v2\/pages"}],"about":[{"href":"https:\/\/rentauto.pt\/en\/wp-json\/wp\/v2\/types\/page"}],"author":[{"embeddable":true,"href":"https:\/\/rentauto.pt\/en\/wp-json\/wp\/v2\/users\/3"}],"replies":[{"embeddable":true,"href":"https:\/\/rentauto.pt\/en\/wp-json\/wp\/v2\/comments?post=35685"}],"version-history":[{"count":35,"href":"https:\/\/rentauto.pt\/en\/wp-json\/wp\/v2\/pages\/35685\/revisions"}],"predecessor-version":[{"id":41978,"href":"https:\/\/rentauto.pt\/en\/wp-json\/wp\/v2\/pages\/35685\/revisions\/41978"}],"wp:attachment":[{"href":"https:\/\/rentauto.pt\/en\/wp-json\/wp\/v2\/media?parent=35685"}],"curies":[{"name":"wp","href":"https:\/\/api.w.org\/{rel}","templated":true}]}}